{"id":894,"date":"2025-05-23T10:11:32","date_gmt":"2025-05-23T09:11:32","guid":{"rendered":"https:\/\/imenco.com\/machining\/?page_id=894"},"modified":"2026-02-16T13:06:45","modified_gmt":"2026-02-16T13:06:45","slug":"hjem","status":"publish","type":"page","link":"https:\/\/imenco.com\/machining\/no\/","title":{"rendered":"Hjem"},"content":{"rendered":"\n<section class=\"featured-menu imenco-block has-background has-primary-background-color\" id=\"vare-losninger\">\n    <div class=\"background-gradient\"><\/div>    <!-- Menu content -->\n    <div class=\"featured-menu__inner-container\">\n        <div class=\"featured-menu__heading\"><h2 style=\"text-align: center\">V\u00e5re l\u00f8sninger innen <strong>maskinering og fabrikasjon<\/strong><\/h2>\n<\/div>        <div class=\"featured-menu__inner\">\n            \n            <div class=\"menu columns-4\">\n                                <div class=\"menu__item animate-fade-in\">\n                    <div class=\"menu__item__icon\">\n                                            <\/div>\n                    <div class=\"menu__item__title\">\n                        <h3>\n                            <a href=\"https:\/\/imenco.com\/machining\/no\/solution\/fabrikasjon\/\">Fabrikasjon<span class=\"link-inset\"><\/span><\/a>                            <span class=\"link-underline\"><\/span>\n                        <\/h3>\n                    <\/div>\n                                            <div class=\"menu__item__description\">\n                            Imenco hjelper deg med fabrikasjon av enkeltkomponenter, som et stort, tverrfaglig verksted.  For st\u00f8rre prosjekter spenner leveransen v\u00e5r fra delleveranser og montering av hydraulikk til komplette systemer, montering, testing og idriftsettelse.                        <\/div>\n                                                            <div class=\"menu__item__button\">\n\n                        \n<div class=\"imenco-buttons size-normal\">\n        <a href=\"https:\/\/imenco.com\/machining\/no\/solution\/fabrikasjon\/\" class=\"imenco-buttons__button imenco-buttons__button--primary animate-icon\" target=\"_self\"  >\n        <span class=\"title\">Read more<\/span>\n        <span class=\"icon\"><svg width=\"22\" height=\"17\" viewBox=\"0 0 22 17\" fill=\"none\" xmlns=\"http:\/\/www.w3.org\/2000\/svg\">\n<path d=\"M12.9517 1.51611L20.4189 8.71661M20.4189 8.71661L12.9517 15.9171M20.4189 8.71661L1.21753 8.71661\" stroke=\"#F2F2F2\" stroke-width=\"1.35797\" stroke-linecap=\"round\" stroke-linejoin=\"round\"\/>\n<\/svg>\n<\/span>    <\/a>\n    \n<\/div>                        \n                    <\/div>\n                <\/div>\n                                <div class=\"menu__item animate-fade-in\">\n                    <div class=\"menu__item__icon\">\n                                            <\/div>\n                    <div class=\"menu__item__title\">\n                        <h3>\n                            <a href=\"https:\/\/imenco.com\/machining\/no\/solution\/fabrikasjon\/sveising\/\">Sveising<span class=\"link-inset\"><\/span><\/a>                            <span class=\"link-underline\"><\/span>\n                        <\/h3>\n                    <\/div>\n                                            <div class=\"menu__item__description\">\n                            V\u00e5re sveisetjenester er sertifisert i henhold til ISO3834-2. Vi har ogs\u00e5 en rekke WPQ-kvalifikasjoner.                        <\/div>\n                                                            <div class=\"menu__item__button\">\n\n                        \n<div class=\"imenco-buttons size-normal\">\n        <a href=\"https:\/\/imenco.com\/machining\/no\/solution\/fabrikasjon\/sveising\/\" class=\"imenco-buttons__button imenco-buttons__button--primary animate-icon\" target=\"_self\"  >\n        <span class=\"title\">Read more<\/span>\n        <span class=\"icon\"><svg width=\"22\" height=\"17\" viewBox=\"0 0 22 17\" fill=\"none\" xmlns=\"http:\/\/www.w3.org\/2000\/svg\">\n<path d=\"M12.9517 1.51611L20.4189 8.71661M20.4189 8.71661L12.9517 15.9171M20.4189 8.71661L1.21753 8.71661\" stroke=\"#F2F2F2\" stroke-width=\"1.35797\" stroke-linecap=\"round\" stroke-linejoin=\"round\"\/>\n<\/svg>\n<\/span>    <\/a>\n    \n<\/div>                        \n                    <\/div>\n                <\/div>\n                                <div class=\"menu__item animate-fade-in\">\n                    <div class=\"menu__item__icon\">\n                                            <\/div>\n                    <div class=\"menu__item__title\">\n                        <h3>\n                            <a href=\"https:\/\/imenco.com\/machining\/no\/solution\/fabrikasjon\/edm\/\">EDM<span class=\"link-inset\"><\/span><\/a>                            <span class=\"link-underline\"><\/span>\n                        <\/h3>\n                    <\/div>\n                                            <div class=\"menu__item__description\">\n                            EDM inneholder tr\u00e5d- og gnisterosjon.  Bearbeiding av spesielle profiler og harde materialer.                        <\/div>\n                                                            <div class=\"menu__item__button\">\n\n                        \n<div class=\"imenco-buttons size-normal\">\n        <a href=\"https:\/\/imenco.com\/machining\/no\/solution\/fabrikasjon\/edm\/\" class=\"imenco-buttons__button imenco-buttons__button--primary animate-icon\" target=\"_self\"  >\n        <span class=\"title\">Read more<\/span>\n        <span class=\"icon\"><svg width=\"22\" height=\"17\" viewBox=\"0 0 22 17\" fill=\"none\" xmlns=\"http:\/\/www.w3.org\/2000\/svg\">\n<path d=\"M12.9517 1.51611L20.4189 8.71661M20.4189 8.71661L12.9517 15.9171M20.4189 8.71661L1.21753 8.71661\" stroke=\"#F2F2F2\" stroke-width=\"1.35797\" stroke-linecap=\"round\" stroke-linejoin=\"round\"\/>\n<\/svg>\n<\/span>    <\/a>\n    \n<\/div>                        \n                    <\/div>\n                <\/div>\n                                <div class=\"menu__item animate-fade-in\">\n                    <div class=\"menu__item__icon\">\n                                            <\/div>\n                    <div class=\"menu__item__title\">\n                        <h3>\n                            <a href=\"https:\/\/imenco.com\/machining\/no\/solution\/dyphullsboring\/\">Boring og langhullsboring<span class=\"link-inset\"><\/span><\/a>                            <span class=\"link-underline\"><\/span>\n                        <\/h3>\n                    <\/div>\n                                            <div class=\"menu__item__description\">\n                            Vi utf\u00f8rer dyphullsboring og boring av lange lengder fra bolt og boring av lange r\u00f8r\/aksler. Arbeidet utf\u00f8res med stor n\u00f8yaktighet og sv\u00e6rt sm\u00e5 toleranser.                        <\/div>\n                                                            <div class=\"menu__item__button\">\n\n                        \n<div class=\"imenco-buttons size-normal\">\n        <a href=\"https:\/\/imenco.com\/machining\/no\/solution\/dyphullsboring\/\" class=\"imenco-buttons__button imenco-buttons__button--primary animate-icon\" target=\"_self\"  >\n        <span class=\"title\">Read more<\/span>\n        <span class=\"icon\"><svg width=\"22\" height=\"17\" viewBox=\"0 0 22 17\" fill=\"none\" xmlns=\"http:\/\/www.w3.org\/2000\/svg\">\n<path d=\"M12.9517 1.51611L20.4189 8.71661M20.4189 8.71661L12.9517 15.9171M20.4189 8.71661L1.21753 8.71661\" stroke=\"#F2F2F2\" stroke-width=\"1.35797\" stroke-linecap=\"round\" stroke-linejoin=\"round\"\/>\n<\/svg>\n<\/span>    <\/a>\n    \n<\/div>                        \n                    <\/div>\n                <\/div>\n                            <\/div>\n            \n        <\/div>\n    <\/div>\n    \n    \n<\/section>\n\n\n\n<section class=\"imenco-products-search imenco-block has-background has-grey-background-color\" >\n    <div class=\"imenco-products-search__inner\">\n        \n\n<h2 class=\"wp-block-heading has-text-align-center\" id=\"search-products\">Finn <strong>produkt<\/strong> eller <strong>l\u00f8sning<\/strong><\/h2>\n\n    \n\n        <form role=\"search\" method=\"get\" action=\"https:\/\/imenco.com\/imenco-products\" class=\"imenco-products-search__form\">\n            <div class=\"imenco-products-search__input-wrapper\">\n                <svg width=\"21\" height=\"21\" viewBox=\"0 0 21 21\" fill=\"none\" xmlns=\"http:\/\/www.w3.org\/2000\/svg\">\n<g id=\"Group 28\">\n<g id=\"Group\">\n<path id=\"Vector\" d=\"M20.2448 19.4711L16.8057 16.032\" stroke=\"#032B3A\" stroke-width=\"1.46626\" stroke-miterlimit=\"10\" stroke-linecap=\"round\"\/>\n<path id=\"Vector_2\" d=\"M4.4248 8.46587C4.4248 7.18892 4.93207 5.96427 5.83501 5.06133C6.73795 4.15839 7.9626 3.65112 9.23955 3.65112\" stroke=\"#032B3A\" stroke-width=\"1.46626\" stroke-miterlimit=\"10\" stroke-linecap=\"round\"\/>\n<path id=\"Vector_3\" d=\"M9.23986 16.0322C13.4185 16.0322 16.8059 12.6448 16.8059 8.46618C16.8059 4.28757 13.4185 0.900146 9.23986 0.900146C5.06125 0.900146 1.67383 4.28757 1.67383 8.46618C1.67383 12.6448 5.06125 16.0322 9.23986 16.0322Z\" stroke=\"#032B3A\" stroke-width=\"1.46626\" stroke-miterlimit=\"10\" stroke-linecap=\"square\"\/>\n<\/g>\n<\/g>\n<\/svg>\n                <input class=\"imenco-products-search__input\" autocomplete=\"off\" placeholder=\"S\u00f8k her\" type=\"search\" name=\"search\">\n            <\/div>\n            <div class=\"imenco-products-search__submit-wrapper\">\n                <button class=\"imenco-products-search__submit imenco-buttons__button imenco-buttons__button--primary\" type=\"submit\">\n                    <span class=\"imenco-products-search__submit-text\">Search<\/span>\n                    <svg class=\"imenco-products-search__spinner\" width=\"20\" height=\"20\" viewBox=\"0 0 20 20\" fill=\"none\" xmlns=\"http:\/\/www.w3.org\/2000\/svg\">\n                        <circle class=\"imenco-products-search__spinner-circle\" cx=\"10\" cy=\"10\" r=\"8\" stroke=\"white\" stroke-width=\"2\" stroke-dasharray=\"25\" stroke-dashoffset=\"0\"\/>\n                    <\/svg>\n                <\/button>\n            <\/div>\n        <\/form>\n    <\/div>\n<\/section>\n\n\n\n<div class=\"wp-block-columns has-primary-light-background-color has-background is-layout-flex wp-container-core-columns-is-layout-9d6595d7 wp-block-columns-is-layout-flex\">\n<div class=\"wp-block-column is-layout-flow wp-block-column-is-layout-flow\">\n<h2 class=\"wp-block-heading has-text-align-center\"><strong>Lokasjoner<\/strong> over hele verden<\/h2>\n\n\n\n<p class=\"has-text-align-center\">Imenco har rundt <strong>450 ansatte<\/strong> fra et bredt spekter av fagomr\u00e5der, fordelt p\u00e5 <strong>lokasjoner over hele verden<\/strong>. Salg, ingeni\u00f8rtjenester, produksjon, vedlikehold og hydrauliske, mekaniske og elektroniske tjenester utf\u00f8res fra flere av v\u00e5re lokasjoner.<\/p>\n\n\n<div class=\"wp-block-image\">\n<figure class=\"aligncenter size-full\"><img loading=\"lazy\" decoding=\"async\" width=\"1920\" height=\"1080\" src=\"https:\/\/imenco.com\/machining\/wp-content\/uploads\/sites\/11\/2025\/03\/20250214-Imenco-Worldmap-complete-without-china.svg\" alt=\"\" class=\"wp-image-286\"\/><\/figure>\n<\/div><\/div>\n<\/div>\n","protected":false},"excerpt":{"rendered":"<p>V\u00e5re l\u00f8sninger innen maskinering og fabrikasjon Fabrikasjon Imenco hjelper deg med fabrikasjon av enkeltkomponenter, som et stort, tverrfaglig verksted. For st\u00f8rre prosjekter spenner leveransen v\u00e5r fra delleveranser og montering av hydraulikk til komplette systemer, montering, testing og idriftsettelse. Read more Sveising V\u00e5re sveisetjenester er sertifisert i henhold til ISO3834-2. Vi har ogs\u00e5 en rekke WPQ-kvalifikasjoner. [&#8230;]<\/p>\n","protected":false},"author":1,"featured_media":0,"parent":0,"menu_order":0,"comment_status":"closed","ping_status":"closed","template":"","meta":{"_acf_changed":true,"footnotes":""},"class_list":["post-894","page","type-page","status-publish","hentry"],"acf":[],"yoast_head":"<!-- This site is optimized with the Yoast SEO plugin v27.6 - https:\/\/yoast.com\/product\/yoast-seo-wordpress\/ -->\n<title>Hjem - Imenco Machining and Fabrication<\/title>\n<meta name=\"description\" content=\"Imenco har en stor maskinpark og ingeni\u00f8rkompetanse. Vi kan bist\u00e5 med b\u00e5de enkle maskineringsjobber og komplekse maskineringsprosjekter.\" \/>\n<meta name=\"robots\" content=\"index, follow, max-snippet:-1, max-image-preview:large, max-video-preview:-1\" \/>\n<link rel=\"canonical\" href=\"https:\/\/imenco.com\/machining\/no\/\" \/>\n<meta property=\"og:locale\" content=\"en_GB\" \/>\n<meta property=\"og:type\" content=\"article\" \/>\n<meta property=\"og:title\" content=\"Hjem - Imenco Machining and Fabrication\" \/>\n<meta property=\"og:description\" content=\"Imenco har en stor maskinpark og ingeni\u00f8rkompetanse. Vi kan bist\u00e5 med b\u00e5de enkle maskineringsjobber og komplekse maskineringsprosjekter.\" \/>\n<meta property=\"og:url\" content=\"https:\/\/imenco.com\/machining\/no\/\" \/>\n<meta property=\"og:site_name\" content=\"Imenco Machining and Fabrication\" \/>\n<meta property=\"article:modified_time\" content=\"2026-02-16T13:06:45+00:00\" \/>\n<meta property=\"og:image\" content=\"https:\/\/imencogroup.com\/imenco-machining\/wp-content\/uploads\/sites\/11\/2025\/02\/CSJ2457-1024x683.jpg\" \/>\n<meta name=\"twitter:card\" content=\"summary_large_image\" \/>\n<meta name=\"twitter:label1\" content=\"Estimated reading time\" \/>\n\t<meta name=\"twitter:data1\" content=\"1 minute\" \/>\n<script type=\"application\/ld+json\" class=\"yoast-schema-graph\">{\"@context\":\"https:\\\/\\\/schema.org\",\"@graph\":[{\"@type\":\"WebPage\",\"@id\":\"https:\\\/\\\/imenco.com\\\/machining\\\/no\\\/\",\"url\":\"https:\\\/\\\/imenco.com\\\/machining\\\/no\\\/\",\"name\":\"Hjem - Imenco Machining and Fabrication\",\"isPartOf\":{\"@id\":\"https:\\\/\\\/imenco.com\\\/machining\\\/#website\"},\"primaryImageOfPage\":{\"@id\":\"https:\\\/\\\/imenco.com\\\/machining\\\/no\\\/#primaryimage\"},\"image\":{\"@id\":\"https:\\\/\\\/imenco.com\\\/machining\\\/no\\\/#primaryimage\"},\"thumbnailUrl\":\"https:\\\/\\\/imenco.com\\\/machining\\\/wp-content\\\/uploads\\\/sites\\\/11\\\/2025\\\/03\\\/20250214-Imenco-Worldmap-complete-without-china.svg\",\"datePublished\":\"2025-05-23T09:11:32+00:00\",\"dateModified\":\"2026-02-16T13:06:45+00:00\",\"description\":\"Imenco har en stor maskinpark og ingeni\u00f8rkompetanse. Vi kan bist\u00e5 med b\u00e5de enkle maskineringsjobber og komplekse maskineringsprosjekter.\",\"breadcrumb\":{\"@id\":\"https:\\\/\\\/imenco.com\\\/machining\\\/no\\\/#breadcrumb\"},\"inLanguage\":\"en-GB\",\"potentialAction\":[{\"@type\":\"ReadAction\",\"target\":[\"https:\\\/\\\/imenco.com\\\/machining\\\/no\\\/\"]}]},{\"@type\":\"ImageObject\",\"inLanguage\":\"en-GB\",\"@id\":\"https:\\\/\\\/imenco.com\\\/machining\\\/no\\\/#primaryimage\",\"url\":\"https:\\\/\\\/imenco.com\\\/machining\\\/wp-content\\\/uploads\\\/sites\\\/11\\\/2025\\\/03\\\/20250214-Imenco-Worldmap-complete-without-china.svg\",\"contentUrl\":\"https:\\\/\\\/imenco.com\\\/machining\\\/wp-content\\\/uploads\\\/sites\\\/11\\\/2025\\\/03\\\/20250214-Imenco-Worldmap-complete-without-china.svg\",\"width\":1920,\"height\":1080},{\"@type\":\"BreadcrumbList\",\"@id\":\"https:\\\/\\\/imenco.com\\\/machining\\\/no\\\/#breadcrumb\",\"itemListElement\":[{\"@type\":\"ListItem\",\"position\":1,\"name\":\"Home\",\"item\":\"https:\\\/\\\/imenco.com\\\/machining\\\/\"},{\"@type\":\"ListItem\",\"position\":2,\"name\":\"Hjem\"}]},{\"@type\":\"WebSite\",\"@id\":\"https:\\\/\\\/imenco.com\\\/machining\\\/#website\",\"url\":\"https:\\\/\\\/imenco.com\\\/machining\\\/\",\"name\":\"Imenco Machining and Fabrication\",\"description\":\"Machining and Fabrication\",\"potentialAction\":[{\"@type\":\"SearchAction\",\"target\":{\"@type\":\"EntryPoint\",\"urlTemplate\":\"https:\\\/\\\/imenco.com\\\/machining\\\/?s={search_term_string}\"},\"query-input\":{\"@type\":\"PropertyValueSpecification\",\"valueRequired\":true,\"valueName\":\"search_term_string\"}}],\"inLanguage\":\"en-GB\"}]}<\/script>\n<!-- \/ Yoast SEO plugin. -->","yoast_head_json":{"title":"Hjem - Imenco Machining and Fabrication","description":"Imenco har en stor maskinpark og ingeni\u00f8rkompetanse. Vi kan bist\u00e5 med b\u00e5de enkle maskineringsjobber og komplekse maskineringsprosjekter.","robots":{"index":"index","follow":"follow","max-snippet":"max-snippet:-1","max-image-preview":"max-image-preview:large","max-video-preview":"max-video-preview:-1"},"canonical":"https:\/\/imenco.com\/machining\/no\/","og_locale":"en_GB","og_type":"article","og_title":"Hjem - Imenco Machining and Fabrication","og_description":"Imenco har en stor maskinpark og ingeni\u00f8rkompetanse. Vi kan bist\u00e5 med b\u00e5de enkle maskineringsjobber og komplekse maskineringsprosjekter.","og_url":"https:\/\/imenco.com\/machining\/no\/","og_site_name":"Imenco Machining and Fabrication","article_modified_time":"2026-02-16T13:06:45+00:00","og_image":[{"url":"https:\/\/imencogroup.com\/imenco-machining\/wp-content\/uploads\/sites\/11\/2025\/02\/CSJ2457-1024x683.jpg","type":"","width":"","height":""}],"twitter_card":"summary_large_image","twitter_misc":{"Estimated reading time":"1 minute"},"schema":{"@context":"https:\/\/schema.org","@graph":[{"@type":"WebPage","@id":"https:\/\/imenco.com\/machining\/no\/","url":"https:\/\/imenco.com\/machining\/no\/","name":"Hjem - Imenco Machining and Fabrication","isPartOf":{"@id":"https:\/\/imenco.com\/machining\/#website"},"primaryImageOfPage":{"@id":"https:\/\/imenco.com\/machining\/no\/#primaryimage"},"image":{"@id":"https:\/\/imenco.com\/machining\/no\/#primaryimage"},"thumbnailUrl":"https:\/\/imenco.com\/machining\/wp-content\/uploads\/sites\/11\/2025\/03\/20250214-Imenco-Worldmap-complete-without-china.svg","datePublished":"2025-05-23T09:11:32+00:00","dateModified":"2026-02-16T13:06:45+00:00","description":"Imenco har en stor maskinpark og ingeni\u00f8rkompetanse. Vi kan bist\u00e5 med b\u00e5de enkle maskineringsjobber og komplekse maskineringsprosjekter.","breadcrumb":{"@id":"https:\/\/imenco.com\/machining\/no\/#breadcrumb"},"inLanguage":"en-GB","potentialAction":[{"@type":"ReadAction","target":["https:\/\/imenco.com\/machining\/no\/"]}]},{"@type":"ImageObject","inLanguage":"en-GB","@id":"https:\/\/imenco.com\/machining\/no\/#primaryimage","url":"https:\/\/imenco.com\/machining\/wp-content\/uploads\/sites\/11\/2025\/03\/20250214-Imenco-Worldmap-complete-without-china.svg","contentUrl":"https:\/\/imenco.com\/machining\/wp-content\/uploads\/sites\/11\/2025\/03\/20250214-Imenco-Worldmap-complete-without-china.svg","width":1920,"height":1080},{"@type":"BreadcrumbList","@id":"https:\/\/imenco.com\/machining\/no\/#breadcrumb","itemListElement":[{"@type":"ListItem","position":1,"name":"Home","item":"https:\/\/imenco.com\/machining\/"},{"@type":"ListItem","position":2,"name":"Hjem"}]},{"@type":"WebSite","@id":"https:\/\/imenco.com\/machining\/#website","url":"https:\/\/imenco.com\/machining\/","name":"Imenco Machining and Fabrication","description":"Machining and Fabrication","potentialAction":[{"@type":"SearchAction","target":{"@type":"EntryPoint","urlTemplate":"https:\/\/imenco.com\/machining\/?s={search_term_string}"},"query-input":{"@type":"PropertyValueSpecification","valueRequired":true,"valueName":"search_term_string"}}],"inLanguage":"en-GB"}]}},"lang":"no","translations":{"no":894,"en":4},"pll_sync_post":{},"_links":{"self":[{"href":"https:\/\/imenco.com\/machining\/wp-json\/wp\/v2\/pages\/894","targetHints":{"allow":["GET"]}}],"collection":[{"href":"https:\/\/imenco.com\/machining\/wp-json\/wp\/v2\/pages"}],"about":[{"href":"https:\/\/imenco.com\/machining\/wp-json\/wp\/v2\/types\/page"}],"author":[{"embeddable":true,"href":"https:\/\/imenco.com\/machining\/wp-json\/wp\/v2\/users\/1"}],"replies":[{"embeddable":true,"href":"https:\/\/imenco.com\/machining\/wp-json\/wp\/v2\/comments?post=894"}],"version-history":[{"count":0,"href":"https:\/\/imenco.com\/machining\/wp-json\/wp\/v2\/pages\/894\/revisions"}],"wp:attachment":[{"href":"https:\/\/imenco.com\/machining\/wp-json\/wp\/v2\/media?parent=894"}],"curies":[{"name":"wp","href":"https:\/\/api.w.org\/{rel}","templated":true}]}}