{"id":896,"date":"2025-05-26T11:46:23","date_gmt":"2025-05-26T10:46:23","guid":{"rendered":"https:\/\/imenco.com\/machining\/?page_id=896"},"modified":"2025-05-26T11:46:24","modified_gmt":"2025-05-26T10:46:24","slug":"om-oss","status":"publish","type":"page","link":"https:\/\/imenco.com\/machining\/no\/om-oss\/","title":{"rendered":"Om oss"},"content":{"rendered":"\n<section class=\"imenco-block hero-section has-primary-background-color standard hero-section--standard\">\n    <div class=\"hero-section__background  object-center\"><picture><source media=\"(max-width: 900px)\" sizes=\"(max-width: 900px) 100vw, 900px\" srcset=\"https:\/\/imenco-machining-and-fabrication.imgix.net\/sites\/11\/2025\/02\/machining-about.png?auto=format%2Ccompress&#038;crop=center&#038;fit=crop&#038;h=845&#038;ixlib=php-2.1.1&#038;w=900 900w\"><source media=\"(max-width: 1940px)\" sizes=\"(max-width: 1940px) 100vw, 1940px\" srcset=\"https:\/\/imenco-machining-and-fabrication.imgix.net\/sites\/11\/2025\/02\/machining-about.png?auto=format%2Ccompress&#038;crop=center&#038;fit=crop&#038;h=1090&#038;ixlib=php-2.1.1&#038;w=1940 1940w\"><source media=\"(max-width: 2400px)\" sizes=\"(max-width: 2400px) 100vw, 2400px\" srcset=\"https:\/\/imenco-machining-and-fabrication.imgix.net\/sites\/11\/2025\/02\/machining-about.png?auto=format%2Ccompress&#038;crop=center&#038;fit=crop&#038;h=1350&#038;ixlib=php-2.1.1&#038;w=2400 2400w\"><source media=\"(min-width: 2401px)\" sizes=\"(max-width: 4000px) 100vw, 4000px\" srcset=\"https:\/\/imenco-machining-and-fabrication.imgix.net\/sites\/11\/2025\/02\/machining-about.png?auto=format%2Ccompress&#038;crop=center&#038;fit=crop&#038;h=2250&#038;ixlib=php-2.1.1&#038;w=4000 4000w\">\n<img decoding=\"async\"  class=\"background-image\"  src=\"https:\/\/imenco-machining-and-fabrication.imgix.net\/sites\/11\/2025\/02\/machining-about.png?auto=format%2Ccompress&#038;crop=center&#038;fit=crop&#038;h=2250&#038;ixlib=php-2.1.1&#038;w=4000\"  alt=\"machining-about\">\n<\/picture><\/div><div class=\"background-gradient is-overlay\" style=\"opacity: 0.8;\"><\/div>    <div class=\"hero-section__inner\">\n        <div class=\"hero-section__content\">\n\n            <div class=\"hero-section__content__text\">\n                <div id=\"breadcrumbs\"><p><span><span><a href=\"https:\/\/imenco.com\/machining\/\">Home<\/a><\/span><\/span><\/p><\/div>                <h1>\n                    Om Imenco Maskinering og fabrikasjon                <\/h1>\n                                            <\/div>\n                        <div class=\"hero-section__content__custom-content\">\n                    \n            <\/div>\n        <\/div>\n    <\/div>\n<\/section>\n\n\n\n<div class=\"wp-block-columns has-primary-light-background-color has-background is-layout-flex wp-container-core-columns-is-layout-9d6595d7 wp-block-columns-is-layout-flex\">\n<div class=\"wp-block-column is-layout-flow wp-block-column-is-layout-flow\">\n<p class=\"has-text-align-center\">Imenco Maskinering &amp; Fabrikasjon bygger p\u00e5 den lange industrihistorien til Imenco og Malm Orstad. I dag har vi en av de st\u00f8rste maskinparkene i Norge, og med v\u00e5r interne ingeni\u00f8rkompetanse kan vi bist\u00e5 med alt fra enkle maskineringsjobber til komplekse maskineringsprosjekter.<\/p>\n<\/div>\n<\/div>\n\n\n\n<section class=\"imenco-block timeline\">\n        <div class=\"item\">\n        <div class=\"item__time animate-fade-in\">\n            <p>1979<\/p>\n        <\/div>\n        <div class=\"item__line\"><\/div>\n        <div class=\"item__details animate-fade-in\">\n            <h3>Imenco etablert<\/h3>\n                            <p>En gruppe p\u00e5 5-6 ingeni\u00f8rer etablerer Imenco som et lite konsulentselskap.<\/p>\n                    <\/div>\n\n    <\/div>\n        <div class=\"item\">\n        <div class=\"item__time animate-fade-in\">\n            <p>2008<\/p>\n        <\/div>\n        <div class=\"item__line\"><\/div>\n        <div class=\"item__details animate-fade-in\">\n            <h3>Bygging av nye produksjonsanlegg, Voll<\/h3>\n                            <p>Malm Orstad \u00e5pner sitt nye produksjonsanlegg p\u00e5 6200 kvm p\u00e5 Voll.<\/p>\n                    <\/div>\n\n    <\/div>\n        <div class=\"item\">\n        <div class=\"item__time animate-fade-in\">\n            <p>2014<\/p>\n        <\/div>\n        <div class=\"item__line\"><\/div>\n        <div class=\"item__details animate-fade-in\">\n            <h3>Oppkj\u00f8p av Bauer Hydraulics<\/h3>\n                            <p>Imenco kj\u00f8per det norskbaserte Bauer Hydraulics, et selskap med en rik industrihistorie som strekker seg tilbake til 1925.<\/p>\n                    <\/div>\n\n    <\/div>\n        <div class=\"item\">\n        <div class=\"item__time animate-fade-in\">\n            <p>2020<\/p>\n        <\/div>\n        <div class=\"item__line\"><\/div>\n        <div class=\"item__details animate-fade-in\">\n            <h3>Oppkj\u00f8p av Malm Orstad<\/h3>\n                            <p>Oppkj\u00f8pet av det Voll-baserte Malm Orstad-selskapet, med en rik industrihistorie som strekker seg tilbake til 1946, introduserer et bredt spekter av produkter innen segmentene for avanserte topside-produkter.<\/p>\n                    <\/div>\n\n    <\/div>\n        <div class=\"item\">\n        <div class=\"item__time animate-fade-in\">\n            <p>2023<\/p>\n        <\/div>\n        <div class=\"item__line\"><\/div>\n        <div class=\"item__details animate-fade-in\">\n            <h3>Oppkj\u00f8p av Salte AS<\/h3>\n                            <p>Imenco kj\u00f8per det norskbaserte Salte AS, som spesialiserer seg p\u00e5 avanserte maskineringstjenester<\/p>\n                    <\/div>\n\n    <\/div>\n        \n<\/section>\n\n\n<figure class=\"wp-block-embed is-type-video is-provider-youtube wp-block-embed-youtube wp-embed-aspect-16-9 wp-has-aspect-ratio\"><div class=\"wp-block-embed__wrapper\">\n<iframe loading=\"lazy\" title=\"Imenco profile\" width=\"500\" height=\"281\" src=\"https:\/\/www.youtube.com\/embed\/qkUbQNo33Mw?feature=oembed\" frameborder=\"0\" allow=\"accelerometer; autoplay; clipboard-write; encrypted-media; gyroscope; picture-in-picture; web-share\" referrerpolicy=\"strict-origin-when-cross-origin\" allowfullscreen><\/iframe>\n<\/div><\/figure>\n\n\n\n<section class=\"imenco-block imenco-offices\">\n    <div class=\"imenco-offices__inner\">\n        \n        \n    <\/div>\n<\/section>\n\n\n<section class=\"imenco-block imenco-product-areas\" >\n\n    <div class=\"background-gradient\"><\/div>\n    <div class=\"imenco-product-areas__inner-container\">\n        <div class=\"imenco-product-areas__inner\">\n            <div class=\"imenco-product-areas__heading\">\n                    <p style=\"text-align: center\">Imencos produktomr\u00e5der<\/p>\n                    <span class=\"underline\"><\/span>\n            <\/div>\n                \n            <div class=\"product-areas\">\n                \n                                <div class=\"item\">\n                                            <div class=\"icon\">\n                            <svg class=\"defence\" width=\"101\" height=\"98\" viewBox=\"0 0 101 98\" fill=\"none\" xmlns=\"http:\/\/www.w3.org\/2000\/svg\">\n    <g>\n        <path id=\"Path_73\" d=\"M0.568359 48.8518L49.2631 27.858V1.44141L0.568359 22.4352V48.8518Z\" stroke=\"#F2F2F2\"\n            fill=\"transparent\" stroke-miterlimit=\"10\" \/>\n        <path id=\"Path_73-2\" d=\"M99.5912 48.8518L50.8965 27.858V1.44141L99.5912 22.4352V48.8518Z\" stroke=\"#F2F2F2\"\n            fill=\"transparent\" stroke-miterlimit=\"10\" \/>\n        <path id=\"Path_73-3\" d=\"M0.568359 96.8166L49.2631 75.8229V49.4062L0.568359 70.4V96.8166Z\" stroke=\"#F2F2F2\"\n            fill=\"transparent\" stroke-miterlimit=\"10\" \/>\n        <path id=\"Path_73-4\" d=\"M99.5912 96.8166L50.8965 75.8229V49.4062L99.5912 70.4V96.8166Z\" stroke=\"#F2F2F2\"\n            fill=\"transparent\" stroke-miterlimit=\"10\" \/>\n    <\/g>\n<\/svg>                        <\/div>\n                        <div class=\"item__title\">\n                            <h3>\n                                Defence                            <\/h3>\n                        <\/div>\n                                    <\/div>\n                \n                                <div class=\"item\">\n                                            <div class=\"icon\">\n                            <svg class=\"renewables\" width=\"117\" height=\"116\" viewBox=\"0 0 117 116\" fill=\"none\" xmlns=\"http:\/\/www.w3.org\/2000\/svg\">\n    <g>\n        <path id=\"Path_73-25\" d=\"M116.05 114.819L67.3555 93.8248V67.4082L116.05 88.4019V114.819Z\" stroke=\"#F2F2F2\"\n            fill=\"transparent\" stroke-miterlimit=\"10\" \/>\n        <path id=\"Path_73-26\" d=\"M65.8817 67.978L56.9863 15.7157L79.1376 1.33398L88.033 53.5964L65.8817 67.978Z\"\n            stroke=\"#F2F2F2\" fill=\"transparent\" stroke-miterlimit=\"10\" \/>\n        <path id=\"Path_73-27\" d=\"M0.917969 89.844L42.0334 56.3555L65.4532 68.5648L24.3377 102.053L0.917969 89.844Z\"\n            stroke=\"#F2F2F2\" fill=\"transparent\" stroke-miterlimit=\"10\" \/>\n    <\/g>\n<\/svg>                        <\/div>\n                        <div class=\"item__title\">\n                            <h3>\n                                Renewables                            <\/h3>\n                        <\/div>\n                                    <\/div>\n                \n                                <div class=\"item\">\n                                            <div class=\"icon\">\n                            <svg class=\"aqua\" width=\"156\" height=\"89\" viewBox=\"0 0 156 89\" fill=\"none\" xmlns=\"http:\/\/www.w3.org\/2000\/svg\">\n    <g>\n        <path id=\"Path_73-5\" d=\"M136.884 20.2367L87.3806 39.2484L68.9238 20.3476L118.427 1.33594L136.884 20.2367Z\"\n            stroke=\"#F2F2F2\" fill=\"transparent\" stroke-miterlimit=\"10\" \/>\n        <path id=\"Path_73-6\" d=\"M68.9543 20.4281L19.4509 39.4398L0.994141 20.5391L50.4975 1.52734L68.9543 20.4281Z\"\n            stroke=\"#F2F2F2\" fill=\"transparent\" stroke-miterlimit=\"10\" \/>\n        <path id=\"Path_73-7\" d=\"M155.007 68.6136L105.504 87.6253L87.0469 68.7246L136.55 49.7129L155.007 68.6136Z\"\n            stroke=\"#F2F2F2\" fill=\"transparent\" stroke-miterlimit=\"10\" \/>\n        <path id=\"Path_73-8\" d=\"M87.0793 68.805L37.5759 87.8167L19.1191 68.916L68.6226 49.9043L87.0793 68.805Z\"\n            stroke=\"#F2F2F2\" fill=\"transparent\" stroke-miterlimit=\"10\" \/>\n    <\/g>\n<\/svg>                        <\/div>\n                        <div class=\"item__title\">\n                            <h3>\n                                Aquaculture                            <\/h3>\n                        <\/div>\n                                    <\/div>\n                \n                                <div class=\"item\">\n                                            <div class=\"icon\">\n                            <svg class=\"marine\" width=\"197\" height=\"49\" viewBox=\"0 0 197 49\" fill=\"none\" xmlns=\"http:\/\/www.w3.org\/2000\/svg\">\n    <g>\n        <path id=\"Path_73-9\" d=\"M1 47.5743L48.5848 27.0563V1.24219L1 21.7603V47.5743Z\" stroke=\"#F2F2F2\"\n            fill=\"transparent\" stroke-miterlimit=\"10\" \/>\n        <path id=\"Path_73-10\" d=\"M99.3086 47.5743L146.893 27.0563V1.24219L99.3086 21.7603V47.5743Z\" stroke=\"#F2F2F2\"\n            fill=\"transparent\" stroke-miterlimit=\"10\" \/>\n        <path id=\"Path_73-11\" d=\"M97.6746 21.7603L50.0898 1.24219V27.0563L97.6746 47.5743V21.7603Z\" stroke=\"#F2F2F2\"\n            fill=\"transparent\" stroke-miterlimit=\"10\" \/>\n        <path id=\"Path_73-12\" d=\"M196.079 21.7603L148.494 1.24219V27.0563L196.079 47.5743V21.7603Z\" stroke=\"#F2F2F2\"\n            fill=\"transparent\" stroke-miterlimit=\"10\" \/>\n    <\/g>\n<\/svg>                        <\/div>\n                        <div class=\"item__title\">\n                            <h3>\n                                Marine                            <\/h3>\n                        <\/div>\n                                    <\/div>\n                \n                                <div class=\"item\">\n                                            <div class=\"icon\">\n                            <svg class=\"industrial\" width=\"72\" height=\"119\" viewBox=\"0 0 72 119\" fill=\"none\" xmlns=\"http:\/\/www.w3.org\/2000\/svg\">\n    <g>\n        <path id=\"Path_73-21\" d=\"M25.1709 0.855469L25.599 53.879L1.43399 64.5344L1.00586 11.5109L25.1709 0.855469Z\"\n            stroke=\"#F2F2F2\" fill=\"transparent\" stroke-miterlimit=\"10\" \/>\n        <path id=\"Path_73-22\" d=\"M25.6474 53.8945L26.0755 106.918L1.91052 117.573L1.48242 64.55L25.6474 53.8945Z\"\n            stroke=\"#F2F2F2\" fill=\"transparent\" stroke-miterlimit=\"10\" \/>\n        <path id=\"Path_73-23\" d=\"M70.251 0.855469L70.6791 53.879L46.5141 64.5344L46.0859 11.5109L70.251 0.855469Z\"\n            stroke=\"#F2F2F2\" fill=\"transparent\" stroke-miterlimit=\"10\" \/>\n        <path id=\"Path_73-24\" d=\"M70.7256 53.8945L71.1537 106.918L46.9887 117.573L46.5605 64.55L70.7256 53.8945Z\"\n            stroke=\"#F2F2F2\" fill=\"transparent\" stroke-miterlimit=\"10\" \/>\n    <\/g>\n<\/svg>                        <\/div>\n                        <div class=\"item__title\">\n                            <h3>\n                                Industrial                            <\/h3>\n                        <\/div>\n                                    <\/div>\n                \n                                <div class=\"item\">\n                                            <div class=\"icon\">\n                            <svg class=\"oil-and-gas\" xmlns=\"http:\/\/www.w3.org\/2000\/svg\" width=\"102\" height=\"122\" viewBox=\"0 0 102 122\"\n    fill=\"transparent\">\n    <path d=\"M51.4463 120.575L100.362 99.6412V73.3046L51.4463 94.238V120.575Z\" stroke=\"#F2F2F2\"\n        stroke-miterlimit=\"10\" \/>\n    <path d=\"M49.9958 94.238L1.07959 73.3046V99.6412L49.9958 120.575V94.238Z\" stroke=\"#F2F2F2\" stroke-miterlimit=\"10\" \/>\n    <path d=\"M1.79669 48.8446L50.7129 27.9112V1.57458L1.79669 22.508V48.8446Z\" stroke=\"#F2F2F2\"\n        stroke-miterlimit=\"10\" \/>\n    <path d=\"M101.08 22.508L52.1634 1.57458V27.9112L101.08 48.8446V22.508Z\" stroke=\"#F2F2F2\" stroke-miterlimit=\"10\" \/>\n<\/svg>                        <\/div>\n                        <div class=\"item__title\">\n                            <h3>\n                                Oil &#038; Gas                            <\/h3>\n                        <\/div>\n                                    <\/div>\n                \n                                <div class=\"item\">\n                                            <div class=\"icon\">\n                            <svg class=\"yacht\" width=\"173\" height=\"52\" viewBox=\"0 0 173 52\" fill=\"none\" xmlns=\"http:\/\/www.w3.org\/2000\/svg\">\n    <g>\n        <path d=\"M1.21118 50.6979L54.5008 50.6979L65.0185 26.1459L11.7289 26.1459L1.21118 50.6979Z\" stroke=\"#F2F2F2\"\n            fill=\"transparent\" stroke-miterlimit=\"10\" \/>\n        <path d=\"M95.1054 25.9048L41.8158 25.9048L31.2981 1.33679L84.5877 1.33679L95.1054 25.8888V25.9048Z\"\n            stroke=\"#F2F2F2\" fill=\"transparent\" stroke-miterlimit=\"10\" \/>\n        <path d=\"M54.6919 50.6979L107.982 50.6979L118.499 26.1459L65.2096 26.1459L54.6919 50.6979Z\" stroke=\"#F2F2F2\"\n            fill=\"transparent\" stroke-miterlimit=\"10\" \/>\n        <path d=\"M107.982 50.6979L161.271 50.6979L171.789 26.1459L118.499 26.1459L107.982 50.6979Z\" stroke=\"#F2F2F2\"\n            fill=\"transparent\" stroke-miterlimit=\"10\" \/>\n    <\/g>\n\n<\/svg>                        <\/div>\n                        <div class=\"item__title\">\n                            <h3>\n                                Yacht                            <\/h3>\n                        <\/div>\n                                    <\/div>\n                \n                                <div class=\"item\">\n                                            <div class=\"icon\">\n                            <svg class=\"future\" width=\"96\" height=\"98\" viewBox=\"0 0 96 98\" fill=\"none\" xmlns=\"http:\/\/www.w3.org\/2000\/svg\">\n    <g>\n        <path id=\"Path_73-17\" d=\"M1.74805 1.41992L22.2661 49.0047H48.0802L27.5622 1.41992H1.74805Z\" stroke=\"#F2F2F2\"\n            fill=\"transparent\" stroke-miterlimit=\"10\" \/>\n        <path id=\"Path_73-18\" d=\"M27.5622 96.5731L48.0802 48.9883H22.2661L1.74805 96.5731H27.5622Z\" stroke=\"#F2F2F2\"\n            fill=\"transparent\" stroke-miterlimit=\"10\" \/>\n        <path id=\"Path_73-19\" d=\"M48.0801 1.41992L68.5981 49.0047H94.4122L73.8941 1.41992H48.0801Z\" stroke=\"#F2F2F2\"\n            fill=\"transparent\" stroke-miterlimit=\"10\" \/>\n        <path id=\"Path_73-20\" d=\"M73.8941 96.5731L94.4122 48.9883H68.5981L48.0801 96.5731H73.8941Z\" stroke=\"#F2F2F2\"\n            fill=\"transparent\" stroke-miterlimit=\"10\" \/>\n    <\/g>\n<\/svg>                        <\/div>\n                        <div class=\"item__title\">\n                            <h3>\n                                Future technologies                            <\/h3>\n                        <\/div>\n                                    <\/div>\n                \n                            <\/div>\n        <\/div>\n    <\/div>\n<\/section>","protected":false},"excerpt":{"rendered":"<p>Home Om Imenco Maskinering og fabrikasjon Imenco Maskinering &amp; Fabrikasjon bygger p\u00e5 den lange industrihistorien til Imenco og Malm Orstad. I dag har vi en av de st\u00f8rste maskinparkene i Norge, og med v\u00e5r interne ingeni\u00f8rkompetanse kan vi bist\u00e5 med alt fra enkle maskineringsjobber til komplekse maskineringsprosjekter. 1979 Imenco etablert En gruppe p\u00e5 5-6 ingeni\u00f8rer [&#8230;]<\/p>\n","protected":false},"author":1,"featured_media":18,"parent":0,"menu_order":0,"comment_status":"closed","ping_status":"closed","template":"","meta":{"_acf_changed":false,"footnotes":""},"class_list":["post-896","page","type-page","status-publish","has-post-thumbnail","hentry"],"acf":[],"yoast_head":"<!-- This site is optimized with the Yoast SEO plugin v27.4 - https:\/\/yoast.com\/product\/yoast-seo-wordpress\/ -->\n<title>Om oss - Imenco Machining and Fabrication<\/title>\n<meta name=\"robots\" content=\"index, follow, max-snippet:-1, max-image-preview:large, max-video-preview:-1\" \/>\n<link rel=\"canonical\" href=\"https:\/\/imenco.com\/machining\/no\/om-oss\/\" \/>\n<meta property=\"og:locale\" content=\"en_GB\" \/>\n<meta property=\"og:type\" content=\"article\" \/>\n<meta property=\"og:title\" content=\"Om oss - Imenco Machining and Fabrication\" \/>\n<meta property=\"og:description\" content=\"Home Om Imenco Maskinering og fabrikasjon Imenco Maskinering &amp; Fabrikasjon bygger p\u00e5 den lange industrihistorien til Imenco og Malm Orstad. I dag har vi en av de st\u00f8rste maskinparkene i Norge, og med v\u00e5r interne ingeni\u00f8rkompetanse kan vi bist\u00e5 med alt fra enkle maskineringsjobber til komplekse maskineringsprosjekter. 1979 Imenco etablert En gruppe p\u00e5 5-6 ingeni\u00f8rer [...]\" \/>\n<meta property=\"og:url\" content=\"https:\/\/imenco.com\/machining\/no\/om-oss\/\" \/>\n<meta property=\"og:site_name\" content=\"Imenco Machining and Fabrication\" \/>\n<meta property=\"article:modified_time\" content=\"2025-05-26T10:46:24+00:00\" \/>\n<meta property=\"og:image\" content=\"https:\/\/imenco.com\/machining\/wp-content\/uploads\/sites\/11\/2025\/02\/machining-about-1024x577.png\" \/>\n\t<meta property=\"og:image:width\" content=\"1024\" \/>\n\t<meta property=\"og:image:height\" content=\"577\" \/>\n\t<meta property=\"og:image:type\" content=\"image\/png\" \/>\n<meta name=\"twitter:card\" content=\"summary_large_image\" \/>\n<meta name=\"twitter:label1\" content=\"Estimated reading time\" \/>\n\t<meta name=\"twitter:data1\" content=\"1 minute\" \/>\n<script type=\"application\/ld+json\" class=\"yoast-schema-graph\">{\"@context\":\"https:\\\/\\\/schema.org\",\"@graph\":[{\"@type\":\"WebPage\",\"@id\":\"https:\\\/\\\/imenco.com\\\/machining\\\/no\\\/om-oss\\\/\",\"url\":\"https:\\\/\\\/imenco.com\\\/machining\\\/no\\\/om-oss\\\/\",\"name\":\"Om oss - Imenco Machining and Fabrication\",\"isPartOf\":{\"@id\":\"https:\\\/\\\/imenco.com\\\/machining\\\/#website\"},\"primaryImageOfPage\":{\"@id\":\"https:\\\/\\\/imenco.com\\\/machining\\\/no\\\/om-oss\\\/#primaryimage\"},\"image\":{\"@id\":\"https:\\\/\\\/imenco.com\\\/machining\\\/no\\\/om-oss\\\/#primaryimage\"},\"thumbnailUrl\":\"https:\\\/\\\/imenco.com\\\/machining\\\/wp-content\\\/uploads\\\/sites\\\/11\\\/2025\\\/02\\\/machining-about.png\",\"datePublished\":\"2025-05-26T10:46:23+00:00\",\"dateModified\":\"2025-05-26T10:46:24+00:00\",\"breadcrumb\":{\"@id\":\"https:\\\/\\\/imenco.com\\\/machining\\\/no\\\/om-oss\\\/#breadcrumb\"},\"inLanguage\":\"en-GB\",\"potentialAction\":[{\"@type\":\"ReadAction\",\"target\":[\"https:\\\/\\\/imenco.com\\\/machining\\\/no\\\/om-oss\\\/\"]}]},{\"@type\":\"ImageObject\",\"inLanguage\":\"en-GB\",\"@id\":\"https:\\\/\\\/imenco.com\\\/machining\\\/no\\\/om-oss\\\/#primaryimage\",\"url\":\"https:\\\/\\\/imenco.com\\\/machining\\\/wp-content\\\/uploads\\\/sites\\\/11\\\/2025\\\/02\\\/machining-about.png\",\"contentUrl\":\"https:\\\/\\\/imenco.com\\\/machining\\\/wp-content\\\/uploads\\\/sites\\\/11\\\/2025\\\/02\\\/machining-about.png\",\"width\":3190,\"height\":1796},{\"@type\":\"BreadcrumbList\",\"@id\":\"https:\\\/\\\/imenco.com\\\/machining\\\/no\\\/om-oss\\\/#breadcrumb\",\"itemListElement\":[{\"@type\":\"ListItem\",\"position\":1,\"name\":\"Home\",\"item\":\"https:\\\/\\\/imenco.com\\\/machining\\\/\"},{\"@type\":\"ListItem\",\"position\":2,\"name\":\"Om oss\"}]},{\"@type\":\"WebSite\",\"@id\":\"https:\\\/\\\/imenco.com\\\/machining\\\/#website\",\"url\":\"https:\\\/\\\/imenco.com\\\/machining\\\/\",\"name\":\"Imenco Machining and Fabrication\",\"description\":\"Machining and Fabrication\",\"potentialAction\":[{\"@type\":\"SearchAction\",\"target\":{\"@type\":\"EntryPoint\",\"urlTemplate\":\"https:\\\/\\\/imenco.com\\\/machining\\\/?s={search_term_string}\"},\"query-input\":{\"@type\":\"PropertyValueSpecification\",\"valueRequired\":true,\"valueName\":\"search_term_string\"}}],\"inLanguage\":\"en-GB\"}]}<\/script>\n<!-- \/ Yoast SEO plugin. -->","yoast_head_json":{"title":"Om oss - Imenco Machining and Fabrication","robots":{"index":"index","follow":"follow","max-snippet":"max-snippet:-1","max-image-preview":"max-image-preview:large","max-video-preview":"max-video-preview:-1"},"canonical":"https:\/\/imenco.com\/machining\/no\/om-oss\/","og_locale":"en_GB","og_type":"article","og_title":"Om oss - Imenco Machining and Fabrication","og_description":"Home Om Imenco Maskinering og fabrikasjon Imenco Maskinering &amp; Fabrikasjon bygger p\u00e5 den lange industrihistorien til Imenco og Malm Orstad. I dag har vi en av de st\u00f8rste maskinparkene i Norge, og med v\u00e5r interne ingeni\u00f8rkompetanse kan vi bist\u00e5 med alt fra enkle maskineringsjobber til komplekse maskineringsprosjekter. 1979 Imenco etablert En gruppe p\u00e5 5-6 ingeni\u00f8rer [...]","og_url":"https:\/\/imenco.com\/machining\/no\/om-oss\/","og_site_name":"Imenco Machining and Fabrication","article_modified_time":"2025-05-26T10:46:24+00:00","og_image":[{"width":1024,"height":577,"url":"https:\/\/imenco.com\/machining\/wp-content\/uploads\/sites\/11\/2025\/02\/machining-about-1024x577.png","type":"image\/png"}],"twitter_card":"summary_large_image","twitter_misc":{"Estimated reading time":"1 minute"},"schema":{"@context":"https:\/\/schema.org","@graph":[{"@type":"WebPage","@id":"https:\/\/imenco.com\/machining\/no\/om-oss\/","url":"https:\/\/imenco.com\/machining\/no\/om-oss\/","name":"Om oss - Imenco Machining and Fabrication","isPartOf":{"@id":"https:\/\/imenco.com\/machining\/#website"},"primaryImageOfPage":{"@id":"https:\/\/imenco.com\/machining\/no\/om-oss\/#primaryimage"},"image":{"@id":"https:\/\/imenco.com\/machining\/no\/om-oss\/#primaryimage"},"thumbnailUrl":"https:\/\/imenco.com\/machining\/wp-content\/uploads\/sites\/11\/2025\/02\/machining-about.png","datePublished":"2025-05-26T10:46:23+00:00","dateModified":"2025-05-26T10:46:24+00:00","breadcrumb":{"@id":"https:\/\/imenco.com\/machining\/no\/om-oss\/#breadcrumb"},"inLanguage":"en-GB","potentialAction":[{"@type":"ReadAction","target":["https:\/\/imenco.com\/machining\/no\/om-oss\/"]}]},{"@type":"ImageObject","inLanguage":"en-GB","@id":"https:\/\/imenco.com\/machining\/no\/om-oss\/#primaryimage","url":"https:\/\/imenco.com\/machining\/wp-content\/uploads\/sites\/11\/2025\/02\/machining-about.png","contentUrl":"https:\/\/imenco.com\/machining\/wp-content\/uploads\/sites\/11\/2025\/02\/machining-about.png","width":3190,"height":1796},{"@type":"BreadcrumbList","@id":"https:\/\/imenco.com\/machining\/no\/om-oss\/#breadcrumb","itemListElement":[{"@type":"ListItem","position":1,"name":"Home","item":"https:\/\/imenco.com\/machining\/"},{"@type":"ListItem","position":2,"name":"Om oss"}]},{"@type":"WebSite","@id":"https:\/\/imenco.com\/machining\/#website","url":"https:\/\/imenco.com\/machining\/","name":"Imenco Machining and Fabrication","description":"Machining and Fabrication","potentialAction":[{"@type":"SearchAction","target":{"@type":"EntryPoint","urlTemplate":"https:\/\/imenco.com\/machining\/?s={search_term_string}"},"query-input":{"@type":"PropertyValueSpecification","valueRequired":true,"valueName":"search_term_string"}}],"inLanguage":"en-GB"}]}},"lang":"no","translations":{"no":896,"en":17},"pll_sync_post":[],"_links":{"self":[{"href":"https:\/\/imenco.com\/machining\/wp-json\/wp\/v2\/pages\/896","targetHints":{"allow":["GET"]}}],"collection":[{"href":"https:\/\/imenco.com\/machining\/wp-json\/wp\/v2\/pages"}],"about":[{"href":"https:\/\/imenco.com\/machining\/wp-json\/wp\/v2\/types\/page"}],"author":[{"embeddable":true,"href":"https:\/\/imenco.com\/machining\/wp-json\/wp\/v2\/users\/1"}],"replies":[{"embeddable":true,"href":"https:\/\/imenco.com\/machining\/wp-json\/wp\/v2\/comments?post=896"}],"version-history":[{"count":0,"href":"https:\/\/imenco.com\/machining\/wp-json\/wp\/v2\/pages\/896\/revisions"}],"wp:featuredmedia":[{"embeddable":true,"href":"https:\/\/imenco.com\/machining\/wp-json\/wp\/v2\/media\/18"}],"wp:attachment":[{"href":"https:\/\/imenco.com\/machining\/wp-json\/wp\/v2\/media?parent=896"}],"curies":[{"name":"wp","href":"https:\/\/api.w.org\/{rel}","templated":true}]}}